{"id":176,"date":"2021-09-23T06:46:08","date_gmt":"2021-09-23T06:46:08","guid":{"rendered":"https:\/\/amrtop.com\/?page_id=176"},"modified":"2021-09-23T06:46:49","modified_gmt":"2021-09-23T06:46:49","slug":"pagina-non-trovata","status":"publish","type":"page","link":"https:\/\/amrtop.com\/de\/pagina-non-trovata\/","title":{"rendered":"Seite nicht gefunden"},"content":{"rendered":"<div id='av_section_1'  class='avia-section av-ks648y8b-9813261519c521e14c5aa8af79b3a737 main_color avia-section-default avia-no-border-styling  avia-builder-el-0  el_before_av_section  avia-builder-el-first  avia-bg-style-scroll av-minimum-height av-minimum-height-90 av-height-percent  container_wrap sidebar_right'   data-av_minimum_height_pc='90' data-av_min_height_opt='percent'><div class='container av-section-cont-open' ><main  role=\"main\" itemprop=\"mainContentOfPage\"  class='template-page content  av-content-small alpha units'><div class='post-entry post-entry-type-page post-entry-176'><div class='entry-content-wrapper clearfix'>\n\n<style type=\"text\/css\" data-created_by=\"avia_inline_auto\" id=\"style-css-av-2lsuz-9619df282c4f40647d92e00c989a5db9\">\n.avia-image-container.av-2lsuz-9619df282c4f40647d92e00c989a5db9 img.avia_image{\nbox-shadow:none;\n}\n.avia-image-container.av-2lsuz-9619df282c4f40647d92e00c989a5db9 .av-image-caption-overlay-center{\ncolor:#ffffff;\n}\n<\/style>\n<div  class='avia-image-container av-2lsuz-9619df282c4f40647d92e00c989a5db9 av-styling- av-hover-grow avia_animated_image av-animated-when-visible-95 fade-in avia-align-center  avia-builder-el-1  el_before_av_textblock  avia-builder-el-first'   itemprop=\"image\" itemscope=\"itemscope\" itemtype=\"https:\/\/schema.org\/ImageObject\" ><div class=\"avia-image-container-inner\"><div class=\"avia-image-overlay-wrap\"><img decoding=\"async\" fetchpriority=\"high\" class='wp-image-7 avia-img-lazy-loading-not-7 avia_image' src=\"https:\/\/amrtop.com\/wp-content\/uploads\/2021\/08\/w-AMRTOP-logo-02.png\" alt='' title='w-AMRTOP-Logo-02'  height=\"312\" width=\"600\"  itemprop=\"thumbnailUrl\" srcset=\"https:\/\/amrtop.com\/wp-content\/uploads\/2021\/08\/w-AMRTOP-logo-02.png 600w, https:\/\/amrtop.com\/wp-content\/uploads\/2021\/08\/w-AMRTOP-logo-02-300x156.png 300w\" sizes=\"(max-width: 600px) 100vw, 600px\" \/><\/div><\/div><\/div>\n<section  class='av_textblock_section av-ks646wb4-0a493b99df00e8d39118867afe0f4eab'   itemscope=\"itemscope\" itemtype=\"https:\/\/schema.org\/CreativeWork\" ><div class='avia_textblock'  itemprop=\"text\" ><h1 style=\"text-align: center;\"><span style=\"font-size: 36px;\">AMR TOP<\/span><\/h1>\n<h3 style=\"text-align: center;\">Ersatzteile und Zubeh\u00f6r f\u00fcr \u00d6fen und Heizkessel<\/h3>\n<hr \/>\n<p style=\"text-align: center;\">Rufen Sie den entsprechenden Bereich \u00fcber die nachstehenden Schaltfl\u00e4chen auf<\/p>\n<\/div><\/section>\n\n<style type=\"text\/css\" data-created_by=\"avia_inline_auto\" id=\"style-css-av-1h4yz-995f3132ac840feeefc933f5d2249ae1\">\n#top .hr.hr-invisible.av-1h4yz-995f3132ac840feeefc933f5d2249ae1{\nheight:50px;\n}\n<\/style>\n<div  class='hr av-1h4yz-995f3132ac840feeefc933f5d2249ae1 hr-invisible  avia-builder-el-3  el_after_av_textblock  el_before_av_one_half'><span class='hr-inner'><span class=\"hr-inner-style\"><\/span><\/span><\/div>\n<div  class='flex_column av-1uhdf-78df4c3b8d48ec9507002d15d430aa31 av_one_half  avia-builder-el-4  el_after_av_hr  el_before_av_one_half  first flex_column_div'     ><div  class='avia-button-wrap avia-button-center  avia-builder-el-5  avia-builder-el-no-sibling'>\n<style type=\"text\/css\" data-created_by=\"avia_inline_auto\" id=\"style-css-av-ktb7jhcz-3e48771ff5335547dcea976c666dbda0\">\n#top #wrap_all .avia-button.av-ktb7jhcz-3e48771ff5335547dcea976c666dbda0{\nborder-radius:30px 30px 30px 30px;\ntransition:all 0.4s ease-in-out;\n}\n#top #wrap_all .avia-button.av-ktb7jhcz-3e48771ff5335547dcea976c666dbda0:hover{\ncolor:white;\ntransition:all 0.4s ease-in-out;\n}\n#top #wrap_all .avia-button.av-ktb7jhcz-3e48771ff5335547dcea976c666dbda0:hover .avia_button_background{\nborder-radius:30px 30px 30px 30px;\n}\n<\/style>\n<a href='https:\/\/amrtop.com\/B2B\/' class='avia-color-black avia-font-color-theme-color avia-button avia-button-fullwidth av-ktb7jhcz-3e48771ff5335547dcea976c666dbda0 avia-icon_select-no avia-color-black'  ><span class='avia_iconbox_title' >ZUGANG F\u00dcR FACHLEUTE<\/span><div class='av-button-description av-button-description-below'><p>H\u00e4ndler - Installateure - Wartungspersonal<\/p>\n<\/div><span class='avia_button_background avia-button avia-button-fullwidth avia-color-theme-color'><\/span><\/a><\/div><\/div><div  class='flex_column av-3au3-00686c5f913735b36f9bc7da757205de av_one_half  avia-builder-el-6  el_after_av_one_half  el_before_av_hr  flex_column_div'     ><div  class='avia-button-wrap avia-button-center  avia-builder-el-7  avia-builder-el-no-sibling'>\n<style type=\"text\/css\" data-created_by=\"avia_inline_auto\" id=\"style-css-av-ktb7vz97-9c00f2fbd493d68dd424a116b28606a0\">\n#top #wrap_all .avia-button.av-ktb7vz97-9c00f2fbd493d68dd424a116b28606a0{\nborder-radius:30px 30px 30px 30px;\ntransition:all 0.4s ease-in-out;\n}\n#top #wrap_all .avia-button.av-ktb7vz97-9c00f2fbd493d68dd424a116b28606a0:hover{\ncolor:white;\ntransition:all 0.4s ease-in-out;\n}\n#top #wrap_all .avia-button.av-ktb7vz97-9c00f2fbd493d68dd424a116b28606a0:hover .avia_button_background{\nborder-radius:30px 30px 30px 30px;\n}\n<\/style>\n<a href='https:\/\/amrtop.com\/B2C\/' class='avia-color-black avia-font-color-theme-color avia-button avia-button-fullwidth av-ktb7vz97-9c00f2fbd493d68dd424a116b28606a0 avia-icon_select-no avia-color-black'  ><span class='avia_iconbox_title' >ZUGANG F\u00dcR PRIVATKUNDEN<\/span><div class='av-button-description av-button-description-below'><p>F\u00fcr nicht-professionelle Kunden<\/p>\n<\/div><span class='avia_button_background avia-button avia-button-fullwidth avia-color-theme-color-highlight'><\/span><\/a><\/div><\/div>\n<style type=\"text\/css\" data-created_by=\"avia_inline_auto\" id=\"style-css-av-12inr-473cd9e68f92ad6b335195be47fcf544\">\n#top .hr.hr-invisible.av-12inr-473cd9e68f92ad6b335195be47fcf544{\nheight:25px;\n}\n<\/style>\n<div  class='hr av-12inr-473cd9e68f92ad6b335195be47fcf544 hr-invisible  avia-builder-el-8  el_after_av_one_half  avia-builder-el-last'><span class='hr-inner'><span class=\"hr-inner-style\"><\/span><\/span><\/div>\n<\/div><\/div><\/main><!-- close content main element --><\/div><\/div>\n<style type=\"text\/css\" data-created_by=\"avia_inline_auto\" id=\"style-css-av-ks6di5nt-adcabf418e6a7ea8cbeadb26da5cd6c3\">\n.avia-section.av-ks6di5nt-adcabf418e6a7ea8cbeadb26da5cd6c3{\nbackground-color:#fde400;\nbackground-image:unset;\n}\n<\/style>\n<div id='av_section_2'  class='avia-section av-ks6di5nt-adcabf418e6a7ea8cbeadb26da5cd6c3 main_color avia-section-default avia-no-border-styling  avia-builder-el-9  el_after_av_section  avia-builder-el-last  avia-bg-style-scroll av-minimum-height av-minimum-height-10 av-height-percent  container_wrap sidebar_right'   data-av_minimum_height_pc='10' data-av_min_height_opt='percent'><div class='container av-section-cont-open' ><div class='template-page content  av-content-small alpha units'><div class='post-entry post-entry-type-page post-entry-176'><div class='entry-content-wrapper clearfix'>\n<section  class='av_textblock_section av-ks6e0z9t-f7d3fe2a325922d25a6db3cbec2fa783'   itemscope=\"itemscope\" itemtype=\"https:\/\/schema.org\/CreativeWork\" ><div class='avia_textblock'  itemprop=\"text\" ><p style=\"text-align: center;\"><span style=\"color: #000000;\">Copyright : @ 2021 AMRTOP srl | Webmaster : <a style=\"color: #000000;\" href=\"https:\/\/lycnos.com\">Lycnos<\/a><\/span><\/p>\n<\/div><\/section>\n<\/div><\/div><\/div><!-- close content main div --><\/div><\/div><div id='after_section_2'  class='main_color av_default_container_wrap container_wrap sidebar_right'  ><div class='container av-section-cont-open' ><div class='template-page content  av-content-small alpha units'><div class='post-entry post-entry-type-page post-entry-176'><div class='entry-content-wrapper clearfix'><\/p>","protected":false},"excerpt":{"rendered":"","protected":false},"author":1,"featured_media":0,"parent":0,"menu_order":0,"comment_status":"closed","ping_status":"closed","template":"template-blank.php","meta":{"footnotes":""},"class_list":["post-176","page","type-page","status-publish","hentry"],"_links":{"self":[{"href":"https:\/\/amrtop.com\/de\/wp-json\/wp\/v2\/pages\/176","targetHints":{"allow":["GET"]}}],"collection":[{"href":"https:\/\/amrtop.com\/de\/wp-json\/wp\/v2\/pages"}],"about":[{"href":"https:\/\/amrtop.com\/de\/wp-json\/wp\/v2\/types\/page"}],"author":[{"embeddable":true,"href":"https:\/\/amrtop.com\/de\/wp-json\/wp\/v2\/users\/1"}],"replies":[{"embeddable":true,"href":"https:\/\/amrtop.com\/de\/wp-json\/wp\/v2\/comments?post=176"}],"version-history":[{"count":3,"href":"https:\/\/amrtop.com\/de\/wp-json\/wp\/v2\/pages\/176\/revisions"}],"predecessor-version":[{"id":178,"href":"https:\/\/amrtop.com\/de\/wp-json\/wp\/v2\/pages\/176\/revisions\/178"}],"wp:attachment":[{"href":"https:\/\/amrtop.com\/de\/wp-json\/wp\/v2\/media?parent=176"}],"curies":[{"name":"wp","href":"https:\/\/api.w.org\/{rel}","templated":true}]}}