{"id":210,"date":"2023-05-18T15:31:30","date_gmt":"2023-05-18T15:31:30","guid":{"rendered":"https:\/\/amrtop.com\/?page_id=210"},"modified":"2024-12-16T17:21:19","modified_gmt":"2024-12-16T17:21:19","slug":"amr-top-2","status":"publish","type":"page","link":"https:\/\/amrtop.com\/es\/","title":{"rendered":"AMR TOP"},"content":{"rendered":"<section  class='av_textblock_section av-18e0pm-cf6d13aa7e4d594d65b05f43eef934dd'   itemscope=\"itemscope\" itemtype=\"https:\/\/schema.org\/CreativeWork\" ><div class='avia_textblock'  itemprop=\"text\" ><h1 style=\"text-align: center;\"><span style=\"font-size: 36px;\">AMR TOP<\/span><\/h1>\n<h3 style=\"text-align: center;\">Recambios y accesorios para estufas y calderas<\/h3>\n<h4 style=\"text-align: center;\">Acceda al \u00e1rea correspondiente utilizando los botones siguientes<\/h4>\n<\/div><\/section>\n<div  class='flex_column av-va0fe-f551dd581078da8016e6f2661ff86fe3 av_one_half  avia-builder-el-1  el_after_av_textblock  el_before_av_one_half  first flex_column_div  column-top-margin'     ><div  class='avia-button-wrap avia-button-center  avia-builder-el-2  avia-builder-el-no-sibling'>\n<style type=\"text\/css\" data-created_by=\"avia_inline_auto\" id=\"style-css-av-rdg8q-c0cbace10f37c7b56e29bf580d4f18ce\">\n#top #wrap_all .avia-button.av-rdg8q-c0cbace10f37c7b56e29bf580d4f18ce{\nborder-radius:30px 30px 30px 30px;\ntransition:all 0.4s ease-in-out;\n}\n#top #wrap_all .avia-button.av-rdg8q-c0cbace10f37c7b56e29bf580d4f18ce:hover{\ncolor:white;\ntransition:all 0.4s ease-in-out;\n}\n#top #wrap_all .avia-button.av-rdg8q-c0cbace10f37c7b56e29bf580d4f18ce:hover .avia_button_background{\nborder-radius:30px 30px 30px 30px;\n}\n<\/style>\n<a href='https:\/\/amrtopitalia.it' class='avia-color-black avia-font-color-theme-color avia-button avia-button-fullwidth av-rdg8q-c0cbace10f37c7b56e29bf580d4f18ce avia-icon_select-no avia-color-black'  ><span class='avia_iconbox_title' >PROFESIONALES ITALIANOS<\/span><div class='av-button-description av-button-description-below'><p><strong>Distribuidores - Instaladores - Mantenedores<\/strong><br \/>\nSitio web accesible en italiano<br \/>\n<strong>CON\u00c9CTESE AQU\u00cd &gt;<\/strong><\/p>\n<\/div><span class='avia_button_background avia-button avia-button-fullwidth avia-color-theme-color'><\/span><\/a><\/div><\/div>\n<div  class='flex_column av-lwwmi-6439451ed36bd2132f2e14cd873643e3 av_one_half  avia-builder-el-3  el_after_av_one_half  el_before_av_section  avia-builder-el-last  flex_column_div  column-top-margin'     ><div  class='avia-button-wrap avia-button-center  avia-builder-el-4  avia-builder-el-no-sibling'>\n<style type=\"text\/css\" data-created_by=\"avia_inline_auto\" id=\"style-css-av-hb7ci-ad8c00d75f1644b50ea237609cd8043a\">\n#top #wrap_all .avia-button.av-hb7ci-ad8c00d75f1644b50ea237609cd8043a{\nborder-radius:30px 30px 30px 30px;\ntransition:all 0.4s ease-in-out;\n}\n#top #wrap_all .avia-button.av-hb7ci-ad8c00d75f1644b50ea237609cd8043a:hover{\ncolor:white;\ntransition:all 0.4s ease-in-out;\n}\n#top #wrap_all .avia-button.av-hb7ci-ad8c00d75f1644b50ea237609cd8043a:hover .avia_button_background{\nborder-radius:30px 30px 30px 30px;\n}\n<\/style>\n<a href='https:\/\/amrtop.net\/es' class='avia-color-black avia-font-color-theme-color avia-button avia-button-fullwidth av-hb7ci-ad8c00d75f1644b50ea237609cd8043a avia-icon_select-no avia-color-black'  ><span class='avia_iconbox_title' >PROFESIONALES EXTRANJEROS<\/span><div class='av-button-description av-button-description-below'><p><strong>Distribuidores - Instaladores - Mantenedores<\/strong><br \/>\nSitio en franc\u00e9s, espa\u00f1ol, rumano y alem\u00e1n<br \/>\n<strong>CON\u00c9CTESE AQU\u00cd &gt;<\/strong><\/p>\n<\/div><span class='avia_button_background avia-button avia-button-fullwidth avia-color-theme-color'><\/span><\/a><\/div><\/div>\n<\/div><\/div><\/div><!-- close content main div --><\/div><\/div>\n<style type=\"text\/css\" data-created_by=\"avia_inline_auto\" id=\"style-css-av-ks6di5nt-adcabf418e6a7ea8cbeadb26da5cd6c3\">\n.avia-section.av-ks6di5nt-adcabf418e6a7ea8cbeadb26da5cd6c3{\nbackground-color:#fde400;\nbackground-image:unset;\n}\n<\/style>\n<div id='av_section_1'  class='avia-section av-ks6di5nt-adcabf418e6a7ea8cbeadb26da5cd6c3 main_color avia-section-default avia-no-border-styling  avia-builder-el-5  el_after_av_one_half  avia-builder-el-last  avia-bg-style-scroll av-minimum-height av-minimum-height-10 av-height-percent  container_wrap sidebar_right'   data-av_minimum_height_pc='10' data-av_min_height_opt='percent'><div class='container av-section-cont-open' ><div class='template-page content  av-content-small alpha units'><div class='post-entry post-entry-type-page post-entry-210'><div class='entry-content-wrapper clearfix'>\n<section  class='av_textblock_section av-ks6e0z9t-ecf3c465caaf79b5164be59edf601af4'   itemscope=\"itemscope\" itemtype=\"https:\/\/schema.org\/CreativeWork\" ><div class='avia_textblock'  itemprop=\"text\" ><p style=\"text-align: center;\"><span style=\"color: #000000;\">Copyright : @ 2021 AMRTOP srl<a style=\"display: block; text-align: center;\" href=\"https:\/\/lycnos.com\"><br \/>\nSito web realizzato da Lycnos Web Agency<br \/>\n<\/a><\/span><\/p>\n<\/div><\/section>\n<\/div><\/div><\/div><!-- close content main div --><\/div><\/div><div id='after_section_1'  class='main_color av_default_container_wrap container_wrap sidebar_right'  ><div class='container av-section-cont-open' ><div class='template-page content  av-content-small alpha units'><div class='post-entry post-entry-type-page post-entry-210'><div class='entry-content-wrapper clearfix'>","protected":false},"excerpt":{"rendered":"","protected":false},"author":1,"featured_media":7,"parent":0,"menu_order":0,"comment_status":"closed","ping_status":"closed","template":"","meta":{"footnotes":""},"class_list":["post-210","page","type-page","status-publish","has-post-thumbnail","hentry"],"_links":{"self":[{"href":"https:\/\/amrtop.com\/es\/wp-json\/wp\/v2\/pages\/210","targetHints":{"allow":["GET"]}}],"collection":[{"href":"https:\/\/amrtop.com\/es\/wp-json\/wp\/v2\/pages"}],"about":[{"href":"https:\/\/amrtop.com\/es\/wp-json\/wp\/v2\/types\/page"}],"author":[{"embeddable":true,"href":"https:\/\/amrtop.com\/es\/wp-json\/wp\/v2\/users\/1"}],"replies":[{"embeddable":true,"href":"https:\/\/amrtop.com\/es\/wp-json\/wp\/v2\/comments?post=210"}],"version-history":[{"count":37,"href":"https:\/\/amrtop.com\/es\/wp-json\/wp\/v2\/pages\/210\/revisions"}],"predecessor-version":[{"id":296,"href":"https:\/\/amrtop.com\/es\/wp-json\/wp\/v2\/pages\/210\/revisions\/296"}],"wp:featuredmedia":[{"embeddable":true,"href":"https:\/\/amrtop.com\/es\/wp-json\/wp\/v2\/media\/7"}],"wp:attachment":[{"href":"https:\/\/amrtop.com\/es\/wp-json\/wp\/v2\/media?parent=210"}],"curies":[{"name":"wp","href":"https:\/\/api.w.org\/{rel}","templated":true}]}}